{"id":5054,"date":"2019-05-14T07:09:38","date_gmt":"2019-05-14T06:09:38","guid":{"rendered":"http:\/\/localhost\/delaviudacg2\/webs-del-grupo\/"},"modified":"2020-02-03T12:05:12","modified_gmt":"2020-02-03T12:05:12","slug":"site-web-du-groupe","status":"publish","type":"page","link":"https:\/\/www.delaviudacg.com\/fr\/site-web-du-groupe\/","title":{"rendered":"Site Web du Groupe"},"content":{"rendered":"<div class=\"wpb-content-wrapper\"><p>[vc_row full_width=&#8221;stretch_row_content_no_spaces&#8221; bg_type=&#8221;bg_color&#8221; bg_override=&#8221;full&#8221; bg_color_value=&#8221;#eaeaea&#8221; css=&#8221;.vc_custom_1557814433353{margin-top: -70px !important;}&#8221;][vc_column][vc_row_inner gap=&#8221;30&#8243;][vc_column_inner width=&#8221;3\/5&#8243;][vc_column_text]<\/p>\n<h2 style=\"text-align: right;\"><span style=\"color: #d01729;\">SITE WEB DU GROUPE<\/span><\/h2>\n<p>[\/vc_column_text][vc_separator color=&#8221;custom&#8221; border_width=&#8221;2&#8243; accent_color=&#8221;#d01729&#8243; css=&#8221;.vc_custom_1537278336242{margin-top: -3% !important;}&#8221;][\/vc_column_inner][vc_column_inner width=&#8221;2\/5&#8243;][\/vc_column_inner][\/vc_row_inner][\/vc_column][\/vc_row][vc_row gap=&#8221;30&#8243; equal_height=&#8221;yes&#8221; bg_type=&#8221;bg_color&#8221; bg_override=&#8221;full&#8221; bg_color_value=&#8221;#eaeaea&#8221; css=&#8221;.vc_custom_1557835392685{margin-bottom: -70px !important;}&#8221;][vc_column width=&#8221;1\/3&#8243; css=&#8221;.vc_custom_1557813818676{background-color: #ffffff !important;background-position: center !important;background-repeat: no-repeat !important;background-size: cover !important;}&#8221;][vc_separator style=&#8221;dashed&#8221;][vc_single_image image=&#8221;4289&#8243; img_size=&#8221;full&#8221; alignment=&#8221;center&#8221; onclick=&#8221;custom_link&#8221; img_link_target=&#8221;_blank&#8221; image_hovers=&#8221;false&#8221; link=&#8221;https:\/\/delaviuda.com\/&#8221;][vc_separator style=&#8221;dashed&#8221;][vc_column_text css=&#8221;.vc_custom_1580731431493{padding-right: 10px !important;padding-left: 10px !important;}&#8221;]<\/p>\n<p style=\"text-align: justify;\">Avec pr\u00e8s d\u2019un si\u00e8cle d\u2019exp\u00e9rience, Delaviuda est une marque artisanale qui ch\u00e9rit une tradition h\u00e9rit\u00e9e de plus de trois g\u00e9n\u00e9rations qui ont partag\u00e9 un seul but : conserver leurs racines et devenir synonyme de qualit\u00e9 dans la production de sp\u00e9cialit\u00e9s de No\u00ebl.<\/p>\n<p>[\/vc_column_text][\/vc_column][vc_column width=&#8221;1\/3&#8243; css=&#8221;.vc_custom_1557814262702{background-color: #ffffff !important;background-position: center !important;background-repeat: no-repeat !important;background-size: cover !important;}&#8221;][vc_separator style=&#8221;dashed&#8221;][vc_empty_space height=&#8221;5px&#8221;][vc_single_image image=&#8221;919&#8243; img_size=&#8221;full&#8221; alignment=&#8221;center&#8221; onclick=&#8221;custom_link&#8221; img_link_target=&#8221;_blank&#8221; image_hovers=&#8221;false&#8221; link=&#8221;http:\/\/elalmendro.es\/&#8221;][vc_empty_space height=&#8221;18px&#8221;][vc_separator style=&#8221;dashed&#8221;][vc_column_text css=&#8221;.vc_custom_1580731461786{padding-right: 10px !important;padding-left: 10px !important;}&#8221;]Plus de 135 ans d\u00e9di\u00e9s \u00e0 adoucir la vie des amateurs du touron, avec une singularit\u00e9 : tous les produits sont fabriqu\u00e9s avec des mati\u00e8res premi\u00e8res soigneusement s\u00e9lectionn\u00e9es et pr\u00e9sentent une\u00a0<strong>qualit\u00e9 supr\u00eame in\u00e9gal\u00e9e<\/strong>.<\/p>\n<p>De sa premi\u00e8re graine, la marque a \u00e9volu\u00e9 vers un concept nouveau et r\u00e9volutionnaire qui a rompu avec l\u2019id\u00e9e du touron traditionnel, en innovant dans les formats de consommation \u00e0 No\u00ebl et en proposant des produits qui allient go\u00fbt et qualit\u00e9 pour se d\u00e9lecter toute l\u2019ann\u00e9e.[\/vc_column_text][\/vc_column][vc_column width=&#8221;1\/3&#8243; css=&#8221;.vc_custom_1557814294894{background-color: #ffffff !important;background-position: center !important;background-repeat: no-repeat !important;background-size: cover !important;}&#8221;][vc_separator style=&#8221;dashed&#8221;][vc_empty_space height=&#8221;19px&#8221;][vc_single_image image=&#8221;911&#8243; img_size=&#8221;full&#8221; alignment=&#8221;center&#8221; onclick=&#8221;custom_link&#8221; img_link_target=&#8221;_blank&#8221; image_hovers=&#8221;false&#8221; link=&#8221;http:\/\/artenayfoods.com&#8221;][vc_empty_space height=&#8221;15px&#8221;][vc_separator style=&#8221;dashed&#8221;][vc_column_text css=&#8221;.vc_custom_1580731500655{padding-right: 10px !important;padding-left: 10px !important;}&#8221;]D\u00e9di\u00e9 \u00e0 la transformation et \u00e0 la commercialisation de barres, de snacks et de produits de confiserie au chocolat pour les principales marques de distribution europ\u00e9ennes et B2B.[\/vc_column_text][\/vc_column][vc_column][vc_empty_space][\/vc_column][\/vc_row]<\/p>\n<\/div>","protected":false},"excerpt":{"rendered":"<p>[vc_row full_width=&#8221;stretch_row_content_no_spaces&#8221; bg_type=&#8221;bg_color&#8221; bg_override=&#8221;full&#8221; bg_color_value=&#8221;#eaeaea&#8221; css=&#8221;.vc_custom_1557814433353{margin-top: -70px !important;}&#8221;][vc_column][vc_row_inner gap=&#8221;30&#8243;][vc_column_inner width=&#8221;3\/5&#8243;][vc_column_text] SITE WEB DU GROUPE [\/vc_column_text][vc_separator color=&#8221;custom&#8221; border_width=&#8221;2&#8243; accent_color=&#8221;#d01729&#8243; css=&#8221;.vc_custom_1537278336242{margin-top: -3% !important;}&#8221;][\/vc_column_inner][vc_column_inner width=&#8221;2\/5&#8243;][\/vc_column_inner][\/vc_row_inner][\/vc_column][\/vc_row][vc_row gap=&#8221;30&#8243; equal_height=&#8221;yes&#8221; bg_type=&#8221;bg_color&#8221; bg_override=&#8221;full&#8221; bg_color_value=&#8221;#eaeaea&#8221; css=&#8221;.vc_custom_1557835392685{margin-bottom: -70px !important;}&#8221;][vc_column width=&#8221;1\/3&#8243; css=&#8221;.vc_custom_1557813818676{background-color: #ffffff !important;background-position: center !important;background-repeat: no-repeat !important;background-size: cover !important;}&#8221;][vc_separator style=&#8221;dashed&#8221;][vc_single_image image=&#8221;4289&#8243; img_size=&#8221;full&#8221; alignment=&#8221;center&#8221; onclick=&#8221;custom_link&#8221; img_link_target=&#8221;_blank&#8221; image_hovers=&#8221;false&#8221; link=&#8221;https:\/\/delaviuda.com\/&#8221;][vc_separator style=&#8221;dashed&#8221;][vc_column_text css=&#8221;.vc_custom_1580731431493{padding-right: 10px !important;padding-left: 10px !important;}&#8221;] Avec&hellip;<\/p>\n","protected":false},"author":1,"featured_media":0,"parent":0,"menu_order":0,"comment_status":"closed","ping_status":"closed","template":"","meta":{"_monsterinsights_skip_tracking":false,"_monsterinsights_sitenote_active":false,"_monsterinsights_sitenote_note":"","_monsterinsights_sitenote_category":0,"footnotes":""},"class_list":["post-5054","page","type-page","status-publish","hentry","description-off"],"yoast_head":"<!-- This site is optimized with the Yoast SEO plugin v27.4 - https:\/\/yoast.com\/product\/yoast-seo-wordpress\/ -->\n<title>Site Web du Groupe - Delaviuda Confectionery Group<\/title>\n<meta name=\"robots\" content=\"index, follow, max-snippet:-1, max-image-preview:large, max-video-preview:-1\" \/>\n<link rel=\"canonical\" href=\"https:\/\/www.delaviudacg.com\/webs-del-grupo\/\" \/>\n<meta property=\"og:locale\" content=\"fr_FR\" \/>\n<meta property=\"og:type\" content=\"article\" \/>\n<meta property=\"og:title\" content=\"Site Web du Groupe - Delaviuda Confectionery Group\" \/>\n<meta property=\"og:description\" content=\"[vc_row full_width=&#8221;stretch_row_content_no_spaces&#8221; bg_type=&#8221;bg_color&#8221; bg_override=&#8221;full&#8221; bg_color_value=&#8221;#eaeaea&#8221; css=&#8221;.vc_custom_1557814433353{margin-top: -70px !important;}&#8221;][vc_column][vc_row_inner gap=&#8221;30&#8243;][vc_column_inner width=&#8221;3\/5&#8243;][vc_column_text] SITE WEB DU GROUPE [\/vc_column_text][vc_separator color=&#8221;custom&#8221; border_width=&#8221;2&#8243; accent_color=&#8221;#d01729&#8243; css=&#8221;.vc_custom_1537278336242{margin-top: -3% !important;}&#8221;][\/vc_column_inner][vc_column_inner width=&#8221;2\/5&#8243;][\/vc_column_inner][\/vc_row_inner][\/vc_column][\/vc_row][vc_row gap=&#8221;30&#8243; equal_height=&#8221;yes&#8221; bg_type=&#8221;bg_color&#8221; bg_override=&#8221;full&#8221; bg_color_value=&#8221;#eaeaea&#8221; css=&#8221;.vc_custom_1557835392685{margin-bottom: -70px !important;}&#8221;][vc_column width=&#8221;1\/3&#8243; css=&#8221;.vc_custom_1557813818676{background-color: #ffffff !important;background-position: center !important;background-repeat: no-repeat !important;background-size: cover !important;}&#8221;][vc_separator style=&#8221;dashed&#8221;][vc_single_image image=&#8221;4289&#8243; img_size=&#8221;full&#8221; alignment=&#8221;center&#8221; onclick=&#8221;custom_link&#8221; img_link_target=&#8221;_blank&#8221; image_hovers=&#8221;false&#8221; link=&#8221;https:\/\/delaviuda.com\/&#8221;][vc_separator style=&#8221;dashed&#8221;][vc_column_text css=&#8221;.vc_custom_1580731431493{padding-right: 10px !important;padding-left: 10px !important;}&#8221;] Avec&hellip;\" \/>\n<meta property=\"og:url\" content=\"https:\/\/www.delaviudacg.com\/webs-del-grupo\/\" \/>\n<meta property=\"og:site_name\" content=\"Delaviuda Confectionery Group\" \/>\n<meta property=\"article:modified_time\" content=\"2020-02-03T12:05:12+00:00\" \/>\n<meta name=\"twitter:card\" content=\"summary_large_image\" \/>\n<meta name=\"twitter:label1\" content=\"Dur\u00e9e de lecture estim\u00e9e\" \/>\n\t<meta name=\"twitter:data1\" content=\"3 minutes\" \/>\n<script type=\"application\/ld+json\" class=\"yoast-schema-graph\">{\"@context\":\"https:\\\/\\\/schema.org\",\"@graph\":[{\"@type\":\"WebPage\",\"@id\":\"https:\\\/\\\/www.delaviudacg.com\\\/webs-del-grupo\\\/\",\"url\":\"https:\\\/\\\/www.delaviudacg.com\\\/webs-del-grupo\\\/\",\"name\":\"Site Web du Groupe - Delaviuda Confectionery Group\",\"isPartOf\":{\"@id\":\"https:\\\/\\\/www.delaviudacg.com\\\/#website\"},\"datePublished\":\"2019-05-14T06:09:38+00:00\",\"dateModified\":\"2020-02-03T12:05:12+00:00\",\"breadcrumb\":{\"@id\":\"https:\\\/\\\/www.delaviudacg.com\\\/webs-del-grupo\\\/#breadcrumb\"},\"inLanguage\":\"fr-FR\",\"potentialAction\":[{\"@type\":\"ReadAction\",\"target\":[\"https:\\\/\\\/www.delaviudacg.com\\\/webs-del-grupo\\\/\"]}]},{\"@type\":\"BreadcrumbList\",\"@id\":\"https:\\\/\\\/www.delaviudacg.com\\\/webs-del-grupo\\\/#breadcrumb\",\"itemListElement\":[{\"@type\":\"ListItem\",\"position\":1,\"name\":\"Portada\",\"item\":\"https:\\\/\\\/www.delaviudacg.com\\\/\"},{\"@type\":\"ListItem\",\"position\":2,\"name\":\"Site Web du Groupe\"}]},{\"@type\":\"WebSite\",\"@id\":\"https:\\\/\\\/www.delaviudacg.com\\\/#website\",\"url\":\"https:\\\/\\\/www.delaviudacg.com\\\/\",\"name\":\"Delaviuda Confectionery Group\",\"description\":\"Web Corporativa\",\"potentialAction\":[{\"@type\":\"SearchAction\",\"target\":{\"@type\":\"EntryPoint\",\"urlTemplate\":\"https:\\\/\\\/www.delaviudacg.com\\\/?s={search_term_string}\"},\"query-input\":{\"@type\":\"PropertyValueSpecification\",\"valueRequired\":true,\"valueName\":\"search_term_string\"}}],\"inLanguage\":\"fr-FR\"}]}<\/script>\n<!-- \/ Yoast SEO plugin. -->","yoast_head_json":{"title":"Site Web du Groupe - Delaviuda Confectionery Group","robots":{"index":"index","follow":"follow","max-snippet":"max-snippet:-1","max-image-preview":"max-image-preview:large","max-video-preview":"max-video-preview:-1"},"canonical":"https:\/\/www.delaviudacg.com\/webs-del-grupo\/","og_locale":"fr_FR","og_type":"article","og_title":"Site Web du Groupe - Delaviuda Confectionery Group","og_description":"[vc_row full_width=&#8221;stretch_row_content_no_spaces&#8221; bg_type=&#8221;bg_color&#8221; bg_override=&#8221;full&#8221; bg_color_value=&#8221;#eaeaea&#8221; css=&#8221;.vc_custom_1557814433353{margin-top: -70px !important;}&#8221;][vc_column][vc_row_inner gap=&#8221;30&#8243;][vc_column_inner width=&#8221;3\/5&#8243;][vc_column_text] SITE WEB DU GROUPE [\/vc_column_text][vc_separator color=&#8221;custom&#8221; border_width=&#8221;2&#8243; accent_color=&#8221;#d01729&#8243; css=&#8221;.vc_custom_1537278336242{margin-top: -3% !important;}&#8221;][\/vc_column_inner][vc_column_inner width=&#8221;2\/5&#8243;][\/vc_column_inner][\/vc_row_inner][\/vc_column][\/vc_row][vc_row gap=&#8221;30&#8243; equal_height=&#8221;yes&#8221; bg_type=&#8221;bg_color&#8221; bg_override=&#8221;full&#8221; bg_color_value=&#8221;#eaeaea&#8221; css=&#8221;.vc_custom_1557835392685{margin-bottom: -70px !important;}&#8221;][vc_column width=&#8221;1\/3&#8243; css=&#8221;.vc_custom_1557813818676{background-color: #ffffff !important;background-position: center !important;background-repeat: no-repeat !important;background-size: cover !important;}&#8221;][vc_separator style=&#8221;dashed&#8221;][vc_single_image image=&#8221;4289&#8243; img_size=&#8221;full&#8221; alignment=&#8221;center&#8221; onclick=&#8221;custom_link&#8221; img_link_target=&#8221;_blank&#8221; image_hovers=&#8221;false&#8221; link=&#8221;https:\/\/delaviuda.com\/&#8221;][vc_separator style=&#8221;dashed&#8221;][vc_column_text css=&#8221;.vc_custom_1580731431493{padding-right: 10px !important;padding-left: 10px !important;}&#8221;] Avec&hellip;","og_url":"https:\/\/www.delaviudacg.com\/webs-del-grupo\/","og_site_name":"Delaviuda Confectionery Group","article_modified_time":"2020-02-03T12:05:12+00:00","twitter_card":"summary_large_image","twitter_misc":{"Dur\u00e9e de lecture estim\u00e9e":"3 minutes"},"schema":{"@context":"https:\/\/schema.org","@graph":[{"@type":"WebPage","@id":"https:\/\/www.delaviudacg.com\/webs-del-grupo\/","url":"https:\/\/www.delaviudacg.com\/webs-del-grupo\/","name":"Site Web du Groupe - Delaviuda Confectionery Group","isPartOf":{"@id":"https:\/\/www.delaviudacg.com\/#website"},"datePublished":"2019-05-14T06:09:38+00:00","dateModified":"2020-02-03T12:05:12+00:00","breadcrumb":{"@id":"https:\/\/www.delaviudacg.com\/webs-del-grupo\/#breadcrumb"},"inLanguage":"fr-FR","potentialAction":[{"@type":"ReadAction","target":["https:\/\/www.delaviudacg.com\/webs-del-grupo\/"]}]},{"@type":"BreadcrumbList","@id":"https:\/\/www.delaviudacg.com\/webs-del-grupo\/#breadcrumb","itemListElement":[{"@type":"ListItem","position":1,"name":"Portada","item":"https:\/\/www.delaviudacg.com\/"},{"@type":"ListItem","position":2,"name":"Site Web du Groupe"}]},{"@type":"WebSite","@id":"https:\/\/www.delaviudacg.com\/#website","url":"https:\/\/www.delaviudacg.com\/","name":"Delaviuda Confectionery Group","description":"Web Corporativa","potentialAction":[{"@type":"SearchAction","target":{"@type":"EntryPoint","urlTemplate":"https:\/\/www.delaviudacg.com\/?s={search_term_string}"},"query-input":{"@type":"PropertyValueSpecification","valueRequired":true,"valueName":"search_term_string"}}],"inLanguage":"fr-FR"}]}},"_links":{"self":[{"href":"https:\/\/www.delaviudacg.com\/fr\/wp-json\/wp\/v2\/pages\/5054","targetHints":{"allow":["GET"]}}],"collection":[{"href":"https:\/\/www.delaviudacg.com\/fr\/wp-json\/wp\/v2\/pages"}],"about":[{"href":"https:\/\/www.delaviudacg.com\/fr\/wp-json\/wp\/v2\/types\/page"}],"author":[{"embeddable":true,"href":"https:\/\/www.delaviudacg.com\/fr\/wp-json\/wp\/v2\/users\/1"}],"replies":[{"embeddable":true,"href":"https:\/\/www.delaviudacg.com\/fr\/wp-json\/wp\/v2\/comments?post=5054"}],"version-history":[{"count":0,"href":"https:\/\/www.delaviudacg.com\/fr\/wp-json\/wp\/v2\/pages\/5054\/revisions"}],"wp:attachment":[{"href":"https:\/\/www.delaviudacg.com\/fr\/wp-json\/wp\/v2\/media?parent=5054"}],"curies":[{"name":"wp","href":"https:\/\/api.w.org\/{rel}","templated":true}]}}