{"id":4916,"date":"2018-11-23T10:55:59","date_gmt":"2018-11-23T10:55:59","guid":{"rendered":"http:\/\/localhost\/delaviudacg2\/politica-de-cookies\/"},"modified":"2024-10-07T12:29:27","modified_gmt":"2024-10-07T11:29:27","slug":"politique-sur-les-cookies","status":"publish","type":"page","link":"https:\/\/www.delaviudacg.com\/fr\/politique-sur-les-cookies\/","title":{"rendered":"Politique sur les cookies"},"content":{"rendered":"<p><strong>POLITIQUE EN MATI\u00c8RE DE COOKIES<\/strong><\/p>\n<p>Aucune donn\u00e9e personnelle des utilisateurs n&#8217;est collect\u00e9e \u00e0 travers ce site \u00e0 leur insu, ni transmise \u00e0 des tiers.<\/p>\n<p>Afin de vous offrir le meilleur service et de faciliter l&#8217;utilisation, le nombre de pages visit\u00e9es, le nombre de visites, ainsi que l&#8217;activit\u00e9 des visiteurs et leur fr\u00e9quence d&#8217;utilisation sont analys\u00e9s. A ces fins, le propri\u00e9taire du site, DELAVIUDA CONFECTIONERY GROUP S.L. (ci-apr\u00e8s DELAVIUDA), utilise les informations statistiques produites par le fournisseur d&#8217;acc\u00e8s \u00e0 Internet.<\/p>\n<p>&nbsp;<\/p>\n<p>Le site web DELAVIUDA n&#8217;utilise pas de cookies pour collecter des informations sur les utilisateurs et n&#8217;enregistre pas les adresses IP des acc\u00e8s. Seuls les cookies de session sont utilis\u00e9s \u00e0 des fins techniques (ceux qui permettent \u00e0 l&#8217;utilisateur de naviguer sur le site web et d&#8217;utiliser les diff\u00e9rentes options et services qui y existent).<\/p>\n<p>&nbsp;<\/p>\n<p>Le portail appartenant \u00e0 DELAVIUDA contient des liens vers des sites web de tiers, dont la politique de confidentialit\u00e9 n&#8217;est pas li\u00e9e \u00e0 celle du site web. En acc\u00e9dant \u00e0 ces sites, vous pouvez d\u00e9cider d&#8217;accepter ou non leur politique de confidentialit\u00e9 et de cookies. En g\u00e9n\u00e9ral, si vous naviguez sur Internet, vous pouvez accepter ou refuser les cookies de tiers \u00e0 partir des options de configuration de votre navigateur.<\/p>\n<p>&nbsp;<\/p>\n<p>&nbsp;<\/p>\n<p><strong>Que sont les cookies?<\/strong><\/p>\n<p>Ce site web utilise des cookies et\/ou des technologies similaires qui stockent et r\u00e9cup\u00e8rent des informations lorsque vous naviguez. En g\u00e9n\u00e9ral, ces technologies peuvent \u00eatre utilis\u00e9es \u00e0 des fins diverses, comme, par exemple, vous reconna\u00eetre en tant qu&#8217;utilisateur, obtenir des informations sur vos habitudes de navigation ou personnaliser la mani\u00e8re dont le contenu est affich\u00e9. Les utilisations sp\u00e9cifiques que nous faisons de ces technologies sont d\u00e9crites ci-dessous<\/p>\n<p><strong>\u00a0<\/strong><\/p>\n<p><strong>Types de cookies<\/strong><\/p>\n<p>Ce site web utilise des cookies pour un certain nombre de raisons:<\/p>\n<ul>\n<li><strong>Cookies techniques : <\/strong>Ce sont ceux qui permettent \u00e0 l&#8217;utilisateur de naviguer sur un site web, une plateforme ou une application et l&#8217;utilisation des diff\u00e9rentes options ou services qui y existent comme, par exemple, le contr\u00f4le du trafic et de la communication de donn\u00e9es, l&#8217;identification de la session, l&#8217;acc\u00e8s \u00e0 des parties d&#8217;acc\u00e8s restreint, la m\u00e9morisation des \u00e9l\u00e9ments qui composent une commande, le processus d&#8217;achat d&#8217;une commande, la demande d&#8217;inscription ou la participation \u00e0 un \u00e9v\u00e9nement, l&#8217;utilisation des fonctions de s\u00e9curit\u00e9 pendant la navigation, le stockage de contenus pour la diffusion de vid\u00e9os ou de sons ou le partage de contenus via les r\u00e9seaux sociaux.<\/li>\n<li><strong>Cookies de premi\u00e8re partie : <\/strong>Ce sont des cookies qui sont envoy\u00e9s \u00e0 l&#8217;ordinateur de l&#8217;utilisateur \u00e0 partir d&#8217;un ordinateur ou d&#8217;un domaine g\u00e9r\u00e9 par l&#8217;\u00e9diteur lui-m\u00eame et \u00e0 partir duquel le service demand\u00e9 par l&#8217;utilisateur est fourni.<\/li>\n<li><strong>Cookies de session : <\/strong>Ces types de cookies sont con\u00e7us pour collecter et stocker des donn\u00e9es pendant que l&#8217;utilisateur acc\u00e8de \u00e0 une page web.<\/li>\n<li><strong>Cookies de tiers<\/strong>: Il s&#8217;agit de cookies qui sont envoy\u00e9s \u00e0 l&#8217;\u00e9quipement terminal de l&#8217;utilisateur depuis un ordinateur ou un domaine qui n&#8217;est pas g\u00e9r\u00e9 par l&#8217;\u00e9diteur, mais par une autre entit\u00e9 qui traite les donn\u00e9es obtenues par le biais des cookies.<\/li>\n<li><strong>Cookies de personnalisation : <\/strong>Il s&#8217;agit de cookies qui permettent \u00e0 l&#8217;utilisateur d&#8217;acc\u00e9der au service avec certaines caract\u00e9ristiques g\u00e9n\u00e9rales pr\u00e9d\u00e9finies en fonction d&#8217;une s\u00e9rie de crit\u00e8res du terminal de l&#8217;utilisateur, tels que la langue, le type de navigateur utilis\u00e9 pour acc\u00e9der au service, la configuration r\u00e9gionale depuis laquelle on acc\u00e8de au service, etc.<\/li>\n<\/ul>\n<p><strong>Cookies d&#8217;analyse : <\/strong>Il s&#8217;agit de cookies qui sont trait\u00e9s par nous ou par des tiers et qui nous permettent de quantifier le nombre d&#8217;utilisateurs et d&#8217;effectuer ainsi la mesure et l&#8217;analyse statistique de l&#8217;utilisation faite par les utilisateurs du service offert. Pour ce faire, la navigation sur notre site web est analys\u00e9e afin de l&#8217;am\u00e9liorer<strong>.<\/strong><\/p>\n<p>L&#8217;application que nous utilisons pour obtenir et analyser les informations est Google Analytics.<\/p>\n<p><strong>Google Analytics : <\/strong>Enregistre des cookies pour \u00e9tablir des statistiques sur le trafic et le volume des visites sur ce site web. En utilisant ce site web, vous consentez au traitement des informations vous concernant par Google. Par cons\u00e9quent, l&#8217;exercice de tout droit \u00e0 cet \u00e9gard doit se faire en communiquant directement avec Google<strong>.<\/strong><\/p>\n<p><strong>\u00a0<\/strong><\/p>\n<p><strong>\u00c0 quoi sert ce site Web ?<\/strong><\/p>\n<p>Ce site web utilise des cookies pour un certain nombre de raisons.<\/p>\n<p>&nbsp;<\/p>\n<p><strong>Qui utilise les cookies sur ce site web?<\/strong><\/p>\n<p>L&#8217;identification de ceux qui utilisent les cookies, le type de cookies utilis\u00e9s et d&#8217;autres d\u00e9tails sont pr\u00e9sent\u00e9s ci-dessous:<\/p>\n<p><strong>\u00a0<\/strong><\/p>\n<p><strong>Cookies de tiers et cookies propres<\/strong><\/p>\n<p>Remarque : les cookies &#8220;propres&#8221; sont utilis\u00e9s uniquement par le propri\u00e9taire de ce site web et les cookies &#8220;tiers&#8221; sont \u00e9galement utilis\u00e9s par le fournisseur de services d\u00e9taill\u00e9 dans le tableau ci-dessus..<\/p>\n<p>Vous pouvez vous renseigner sur les transferts vers des pays tiers qui, le cas \u00e9ch\u00e9ant, sont effectu\u00e9s par les tiers identifi\u00e9s dans la pr\u00e9sente politique en mati\u00e8re de cookies dans leurs politiques correspondantes (voir les liens fournis dans la section &#8220;Plus d&#8217;informations&#8221; du tableau ci-dessus)..<\/p>\n<p>&nbsp;<\/p>\n<p>Les cookies utilis\u00e9s \u00e0 cette fin sont (utma, _utmb, _utmc, _utmt y _utmz)<\/p>\n<p>&nbsp;<\/p>\n<p><strong>\u00a0<\/strong><\/p>\n<table width=\"617\">\n<tbody>\n<tr>\n<td colspan=\"3\" width=\"617\"><strong>Cookies de tiers<\/strong><\/td>\n<\/tr>\n<tr>\n<td width=\"193\"><strong>L&#8217;ENTREPRISE utilise des cookies<\/strong><\/td>\n<td width=\"326\"><strong>Objectif<\/strong><\/td>\n<td width=\"98\"><strong>Plus d&#8217;informations<\/strong><\/td>\n<\/tr>\n<tr>\n<td width=\"193\">Google Analytics<\/td>\n<td width=\"326\">collecter des informations sur la navigation des utilisateurs sur le site afin de conna\u00eetre l&#8217;origine des visites et d&#8217;autres donn\u00e9es statistiques similaires<\/td>\n<td width=\"98\">Google Analytics<\/p>\n<p>Google Privacy Center<\/td>\n<\/tr>\n<\/tbody>\n<\/table>\n<p>&nbsp;<\/p>\n<p><strong>\u00a0<\/strong><\/p>\n<p><strong>\u00a0<\/strong><\/p>\n<p><strong>Cookies de tiers et cookies propres<\/strong><\/p>\n<p>Remarque : les cookies &#8220;propres&#8221; sont utilis\u00e9s uniquement par le propri\u00e9taire de ce site web et les cookies &#8220;tiers&#8221; sont \u00e9galement utilis\u00e9s par le fournisseur de services d\u00e9taill\u00e9 dans le tableau ci-dessus..<\/p>\n<p>Vous pouvez vous renseigner sur les transferts vers des pays tiers qui, le cas \u00e9ch\u00e9ant, sont effectu\u00e9s par les tiers identifi\u00e9s dans la pr\u00e9sente politique en mati\u00e8re de cookies dans leurs politiques correspondantes (voir les liens fournis dans la section &#8220;Plus d&#8217;informations&#8221; du tableau ci-dessus)..<\/p>\n<p>&nbsp;<\/p>\n<p>Les cookies utilis\u00e9s \u00e0 cette fin sont (utma, _utmb, _utmc, _utmt y _utmz)<\/p>\n<p>&nbsp;<\/p>\n<p><strong>Cookies de tiers<\/strong><\/p>\n<table width=\"589\">\n<tbody>\n<tr>\n<td width=\"172\"><strong>COOKIE<\/strong><\/td>\n<td width=\"83\"><strong>TYPE <\/strong><\/td>\n<td width=\"123\"><strong>DURATION<\/strong><\/td>\n<td width=\"211\"><strong>PURPOSE<\/strong><\/td>\n<\/tr>\n<tr>\n<td width=\"172\">cookielawinfo-checkbox-analitica<\/td>\n<td width=\"83\">1<\/td>\n<td width=\"123\">1 an<\/td>\n<td width=\"211\">Aucune description<\/td>\n<\/tr>\n<tr>\n<td width=\"172\">cookielawinfo-checkbox-necessary<\/td>\n<td width=\"83\">0<\/td>\n<td width=\"123\">11 mois<\/td>\n<td width=\"211\">Ce cookie est d\u00e9fini par le module compl\u00e9mentaire de consentement aux cookies GDPR. Les cookies sont utilis\u00e9s pour stocker le consentement de l&#8217;utilisateur pour les cookies de la cat\u00e9gorie \u00ab N\u00e9cessaire \u00bb.<\/td>\n<\/tr>\n<tr>\n<td width=\"172\">cookielawinfo-checkbox-non-necessary<\/td>\n<td width=\"83\">0<\/td>\n<td width=\"123\">11 mois<\/td>\n<td width=\"211\">Ce cookie est d\u00e9fini par le module compl\u00e9mentaire de consentement aux cookies GDPR. Les cookies sont utilis\u00e9s pour stocker le consentement de l&#8217;utilisateur pour les cookies de la cat\u00e9gorie \u00ab Non requis \u00bb.<\/td>\n<\/tr>\n<tr>\n<td width=\"172\">cookiesession1<\/td>\n<td width=\"83\">1<\/td>\n<td width=\"123\">Session<\/td>\n<td width=\"211\">Ce cookie est d\u00e9fini par le pare-feu Fortinet. Ce cookie est utilis\u00e9 pour prot\u00e9ger le site web contre les abus.<\/td>\n<\/tr>\n<tr>\n<td width=\"172\">test_cookie<\/td>\n<td width=\"83\">0<\/td>\n<td width=\"123\">11 mois<\/td>\n<td width=\"211\"><\/td>\n<\/tr>\n<tr>\n<td width=\"172\">viewed_cookie_policy<\/td>\n<td width=\"83\">0<\/td>\n<td width=\"123\">11 mois<\/td>\n<td width=\"211\">Le cookie est d\u00e9fini par le module compl\u00e9mentaire de consentement aux cookies du GDPR et est utilis\u00e9 pour enregistrer si l&#8217;utilisateur a consenti ou non \u00e0 l&#8217;utilisation de cookies. Il ne stocke aucune donn\u00e9e personnelle.<\/td>\n<\/tr>\n<tr>\n<td width=\"172\">wp-wpml_current_language<\/td>\n<td width=\"83\">1<\/td>\n<td width=\"123\">1 jour<\/td>\n<td width=\"211\">Aucune description<\/td>\n<\/tr>\n<tr>\n<td width=\"172\">_ga<\/td>\n<td width=\"83\">Anal\u00edtica<\/td>\n<td width=\"123\">2 ans<\/td>\n<td width=\"211\">Ce cookie est d\u00e9fini par Google Analytics. Il est utilis\u00e9 pour calculer les donn\u00e9es relatives aux visiteurs, aux sessions et aux campagnes et pour suivre l&#8217;utilisation du site dans le cadre des rapports d&#8217;analyse du site. Les cookies stockent les informations de mani\u00e8re anonyme et attribuent un num\u00e9ro g\u00e9n\u00e9r\u00e9 de mani\u00e8re al\u00e9atoire pour identifier les visiteurs uniques.<\/td>\n<\/tr>\n<tr>\n<td width=\"172\">_gat_gtag_UA-51256449-1<\/td>\n<td width=\"83\">Anal\u00edtica<\/td>\n<td width=\"123\">1 minute<\/td>\n<td width=\"211\">Google utilise ce cookie pour distinguer les utilisateurs.<\/td>\n<\/tr>\n<tr>\n<td width=\"172\">_gid<\/td>\n<td width=\"83\">Anal\u00edtica<\/td>\n<td width=\"123\">1 jour<\/td>\n<td width=\"211\">Ce cookie est d\u00e9fini par Google Analytics. Il est utilis\u00e9 pour stocker des informations sur la mani\u00e8re dont les visiteurs utilisent un site web et permet de cr\u00e9er un rapport d&#8217;analyse sur les performances du site web. Les donn\u00e9es collect\u00e9es, y compris le nombre de visiteurs, la source des visiteurs et les pages, sont affich\u00e9es de mani\u00e8re anonyme.<\/td>\n<\/tr>\n<tr>\n<td width=\"172\">_GRECAPTCHA<\/td>\n<td width=\"83\">1<\/td>\n<td width=\"123\">5 mois 27 jours<\/td>\n<td width=\"211\">Google d\u00e9finit ce cookie. Outre certains cookies standard de Google, reCAPTCHA installe un cookie n\u00e9cessaire (_GRECAPTCHA) lorsqu&#8217;il est ex\u00e9cut\u00e9 dans le but de fournir son analyse des risques.<\/td>\n<\/tr>\n<\/tbody>\n<\/table>\n<p>&nbsp;<\/p>\n<p>&nbsp;<\/p>\n<p>Ces cookies sont utilis\u00e9s pour collecter des informations sur la navigation des utilisateurs sur le site afin de conna\u00eetre l&#8217;origine des visites et d&#8217;autres donn\u00e9es statistiques similaires.<\/p>\n<p>&nbsp;<\/p>\n<p><strong>Cookies personnels<\/strong><\/p>\n<table>\n<tbody>\n<tr>\n<td width=\"189\"><strong>TYPE (cookies tiers)<\/strong><\/td>\n<td width=\"189\"><strong>DUR\u00c9E<\/strong><\/td>\n<td width=\"189\"><strong>OBJET<\/strong><\/td>\n<\/tr>\n<tr>\n<td width=\"189\">Cookies de session<\/td>\n<td width=\"189\"><strong>Session<\/strong><\/td>\n<td width=\"189\">Ce cookie est natif de PHP et permet au site web de stocker des donn\u00e9es d&#8217;\u00e9tat s\u00e9rialis\u00e9es. Sur ce site Web, il est utilis\u00e9 pour \u00e9tablir des sessions d&#8217;utilisateur en transmettant des donn\u00e9es d&#8217;\u00e9tat par le biais d&#8217;un cookie temporaire, \u00e9galement connu sous le nom de cookie de session. Le cookie PHPSESSID n&#8217;a pas de date d&#8217;expiration d\u00e9finie car il dispara\u00eet lorsque le site Web est ferm\u00e9.<\/td>\n<\/tr>\n<tr>\n<td width=\"189\"><\/td>\n<td width=\"189\"><\/td>\n<td width=\"189\"><\/td>\n<\/tr>\n<\/tbody>\n<\/table>\n<p><strong>\u00a0<\/strong><\/p>\n<p><strong>Comment puis-je d\u00e9sactiver ou supprimer ces cookies?<\/strong><\/p>\n<p><strong>\u00a0<\/strong><\/p>\n<p><strong>Supprimer ou bloquer les cookies <\/strong><\/p>\n<p>Vous pouvez autoriser, bloquer ou supprimer les cookies install\u00e9s sur votre ordinateur en configurant les options du navigateur install\u00e9 sur votre ordinateur.<\/p>\n<p>&nbsp;<\/p>\n<p>Vous pouvez trouver plus d&#8217;informations sur votre navigateur et les cookies dans les liens suivants:<\/p>\n<ul>\n<li><strong>Firefox:<\/strong> <a href=\"http:\/\/support.mozilla.org\/es\/kb\/habilitar-y-deshabilitar-cookies-que-los-sitios-we\">http:\/\/support.mozilla.org\/es\/kb\/habilitar-y-deshabilitar-cookies-que-los-sitios-we<\/a><\/li>\n<li><strong>Chrome:<\/strong> <a href=\"http:\/\/support.google.com\/chrome\/bin\/answer.py?hl=es&amp;answer=95647\">http:\/\/support.google.com\/chrome\/bin\/answer.py?hl=es&amp;answer=95647<\/a><\/li>\n<li><strong>Internet Explorer:<\/strong> <a href=\"http:\/\/windows.microsoft.com\/es-es\/windows7\/how-to-manage-cookies-in-internet-explorer-9\">http:\/\/windows.microsoft.com\/es-es\/windows7\/how-to-manage-cookies-in-internet-explorer-9<\/a><\/li>\n<li><strong>Safari:<\/strong> <a href=\"http:\/\/support.apple.com\/kb\/ph5042\">http:\/\/support.apple.com\/kb\/ph5042<\/a><\/li>\n<li><strong>Opera:<\/strong> <a href=\"http:\/\/help.opera.com\/Windows\/11.50\/es-ES\/cookies.html\">http:\/\/help.opera.com\/Windows\/11.50\/es-ES\/cookies.html<\/a><\/li>\n<\/ul>\n<p>&nbsp;<\/p>\n<p><strong><u>G<\/u><\/strong> <strong><u>Module compl\u00e9mentaire de navigateur pour la d\u00e9sactivation de Google Analytics<\/u><\/strong><\/p>\n<p>Si vous souhaitez rejeter les cookies d&#8217;analyse de Google Analytics dans tous les navigateurs, afin qu&#8217;aucune information vous concernant ne soit envoy\u00e9e \u00e0 Google Analytics, vous pouvez t\u00e9l\u00e9charger un module compl\u00e9mentaire qui remplit cette fonction \u00e0 partir du lien suivant: <a href=\"https:\/\/tools.google.com\/dlpage\/gaoptout\">https:\/\/tools.google.com\/dlpage\/gaoptout<\/a>.<\/p>\n<p>&nbsp;<\/p>\n<p>&nbsp;<\/p>\n<p><strong><u>Autres navigateurs<\/u><\/strong><\/p>\n<p>Veuillez vous r\u00e9f\u00e9rer \u00e0 la documentation du navigateur que vous avez install\u00e9.<\/p>\n<p>Module compl\u00e9mentaire de navigateur pour le rejet de Google Analytics<\/p>\n<p>Si vous souhaitez refuser les cookies d&#8217;analyse de Google Analytics dans tous les navigateurs, afin que les informations ne soient pas envoy\u00e9es \u00e0 Google Analytics, vous pouvez t\u00e9l\u00e9charger un module compl\u00e9mentaire qui remplit cette fonction \u00e0 partir de ce lien: <a href=\"https:\/\/tools.google.com\/dlpage\/gaoptout.\">https:\/\/tools.google.com\/dlpage\/gaoptout.<\/a><\/p>\n","protected":false},"excerpt":{"rendered":"<p>POLITIQUE EN MATI\u00c8RE DE COOKIES Aucune donn\u00e9e personnelle des utilisateurs n&#8217;est collect\u00e9e \u00e0 travers ce site \u00e0 leur insu, ni transmise \u00e0 des tiers. Afin de vous offrir le meilleur service et de faciliter l&#8217;utilisation, le nombre de pages visit\u00e9es, le nombre de visites, ainsi que l&#8217;activit\u00e9 des visiteurs et leur fr\u00e9quence d&#8217;utilisation sont analys\u00e9s.&hellip;<\/p>\n","protected":false},"author":1,"featured_media":0,"parent":0,"menu_order":0,"comment_status":"closed","ping_status":"closed","template":"","meta":{"_monsterinsights_skip_tracking":false,"_monsterinsights_sitenote_active":false,"_monsterinsights_sitenote_note":"","_monsterinsights_sitenote_category":0,"footnotes":""},"class_list":["post-4916","page","type-page","status-publish","hentry","description-off"],"yoast_head":"<!-- This site is optimized with the Yoast SEO plugin v27.4 - https:\/\/yoast.com\/product\/yoast-seo-wordpress\/ -->\n<title>Politique sur les cookies - Delaviuda Confectionery Group<\/title>\n<meta name=\"robots\" content=\"index, follow, max-snippet:-1, max-image-preview:large, max-video-preview:-1\" \/>\n<link rel=\"canonical\" href=\"https:\/\/www.delaviudacg.com\/fr\/politique-sur-les-cookies\/\" \/>\n<meta property=\"og:locale\" content=\"fr_FR\" \/>\n<meta property=\"og:type\" content=\"article\" \/>\n<meta property=\"og:title\" content=\"Politique sur les cookies - Delaviuda Confectionery Group\" \/>\n<meta property=\"og:description\" content=\"POLITIQUE EN MATI\u00c8RE DE COOKIES Aucune donn\u00e9e personnelle des utilisateurs n&#8217;est collect\u00e9e \u00e0 travers ce site \u00e0 leur insu, ni transmise \u00e0 des tiers. Afin de vous offrir le meilleur service et de faciliter l&#8217;utilisation, le nombre de pages visit\u00e9es, le nombre de visites, ainsi que l&#8217;activit\u00e9 des visiteurs et leur fr\u00e9quence d&#8217;utilisation sont analys\u00e9s.&hellip;\" \/>\n<meta property=\"og:url\" content=\"https:\/\/www.delaviudacg.com\/fr\/politique-sur-les-cookies\/\" \/>\n<meta property=\"og:site_name\" content=\"Delaviuda Confectionery Group\" \/>\n<meta property=\"article:modified_time\" content=\"2024-10-07T11:29:27+00:00\" \/>\n<meta name=\"twitter:card\" content=\"summary_large_image\" \/>\n<meta name=\"twitter:label1\" content=\"Dur\u00e9e de lecture estim\u00e9e\" \/>\n\t<meta name=\"twitter:data1\" content=\"8 minutes\" \/>\n<script type=\"application\/ld+json\" class=\"yoast-schema-graph\">{\"@context\":\"https:\\\/\\\/schema.org\",\"@graph\":[{\"@type\":\"WebPage\",\"@id\":\"https:\\\/\\\/www.delaviudacg.com\\\/fr\\\/politique-sur-les-cookies\\\/\",\"url\":\"https:\\\/\\\/www.delaviudacg.com\\\/fr\\\/politique-sur-les-cookies\\\/\",\"name\":\"Politique sur les cookies - Delaviuda Confectionery Group\",\"isPartOf\":{\"@id\":\"https:\\\/\\\/www.delaviudacg.com\\\/#website\"},\"datePublished\":\"2018-11-23T10:55:59+00:00\",\"dateModified\":\"2024-10-07T11:29:27+00:00\",\"breadcrumb\":{\"@id\":\"https:\\\/\\\/www.delaviudacg.com\\\/fr\\\/politique-sur-les-cookies\\\/#breadcrumb\"},\"inLanguage\":\"fr-FR\",\"potentialAction\":[{\"@type\":\"ReadAction\",\"target\":[\"https:\\\/\\\/www.delaviudacg.com\\\/fr\\\/politique-sur-les-cookies\\\/\"]}]},{\"@type\":\"BreadcrumbList\",\"@id\":\"https:\\\/\\\/www.delaviudacg.com\\\/fr\\\/politique-sur-les-cookies\\\/#breadcrumb\",\"itemListElement\":[{\"@type\":\"ListItem\",\"position\":1,\"name\":\"Portada\",\"item\":\"https:\\\/\\\/www.delaviudacg.com\\\/\"},{\"@type\":\"ListItem\",\"position\":2,\"name\":\"Politique sur les cookies\"}]},{\"@type\":\"WebSite\",\"@id\":\"https:\\\/\\\/www.delaviudacg.com\\\/#website\",\"url\":\"https:\\\/\\\/www.delaviudacg.com\\\/\",\"name\":\"Delaviuda Confectionery Group\",\"description\":\"Web Corporativa\",\"potentialAction\":[{\"@type\":\"SearchAction\",\"target\":{\"@type\":\"EntryPoint\",\"urlTemplate\":\"https:\\\/\\\/www.delaviudacg.com\\\/?s={search_term_string}\"},\"query-input\":{\"@type\":\"PropertyValueSpecification\",\"valueRequired\":true,\"valueName\":\"search_term_string\"}}],\"inLanguage\":\"fr-FR\"}]}<\/script>\n<!-- \/ Yoast SEO plugin. -->","yoast_head_json":{"title":"Politique sur les cookies - Delaviuda Confectionery Group","robots":{"index":"index","follow":"follow","max-snippet":"max-snippet:-1","max-image-preview":"max-image-preview:large","max-video-preview":"max-video-preview:-1"},"canonical":"https:\/\/www.delaviudacg.com\/fr\/politique-sur-les-cookies\/","og_locale":"fr_FR","og_type":"article","og_title":"Politique sur les cookies - Delaviuda Confectionery Group","og_description":"POLITIQUE EN MATI\u00c8RE DE COOKIES Aucune donn\u00e9e personnelle des utilisateurs n&#8217;est collect\u00e9e \u00e0 travers ce site \u00e0 leur insu, ni transmise \u00e0 des tiers. Afin de vous offrir le meilleur service et de faciliter l&#8217;utilisation, le nombre de pages visit\u00e9es, le nombre de visites, ainsi que l&#8217;activit\u00e9 des visiteurs et leur fr\u00e9quence d&#8217;utilisation sont analys\u00e9s.&hellip;","og_url":"https:\/\/www.delaviudacg.com\/fr\/politique-sur-les-cookies\/","og_site_name":"Delaviuda Confectionery Group","article_modified_time":"2024-10-07T11:29:27+00:00","twitter_card":"summary_large_image","twitter_misc":{"Dur\u00e9e de lecture estim\u00e9e":"8 minutes"},"schema":{"@context":"https:\/\/schema.org","@graph":[{"@type":"WebPage","@id":"https:\/\/www.delaviudacg.com\/fr\/politique-sur-les-cookies\/","url":"https:\/\/www.delaviudacg.com\/fr\/politique-sur-les-cookies\/","name":"Politique sur les cookies - Delaviuda Confectionery Group","isPartOf":{"@id":"https:\/\/www.delaviudacg.com\/#website"},"datePublished":"2018-11-23T10:55:59+00:00","dateModified":"2024-10-07T11:29:27+00:00","breadcrumb":{"@id":"https:\/\/www.delaviudacg.com\/fr\/politique-sur-les-cookies\/#breadcrumb"},"inLanguage":"fr-FR","potentialAction":[{"@type":"ReadAction","target":["https:\/\/www.delaviudacg.com\/fr\/politique-sur-les-cookies\/"]}]},{"@type":"BreadcrumbList","@id":"https:\/\/www.delaviudacg.com\/fr\/politique-sur-les-cookies\/#breadcrumb","itemListElement":[{"@type":"ListItem","position":1,"name":"Portada","item":"https:\/\/www.delaviudacg.com\/"},{"@type":"ListItem","position":2,"name":"Politique sur les cookies"}]},{"@type":"WebSite","@id":"https:\/\/www.delaviudacg.com\/#website","url":"https:\/\/www.delaviudacg.com\/","name":"Delaviuda Confectionery Group","description":"Web Corporativa","potentialAction":[{"@type":"SearchAction","target":{"@type":"EntryPoint","urlTemplate":"https:\/\/www.delaviudacg.com\/?s={search_term_string}"},"query-input":{"@type":"PropertyValueSpecification","valueRequired":true,"valueName":"search_term_string"}}],"inLanguage":"fr-FR"}]}},"_links":{"self":[{"href":"https:\/\/www.delaviudacg.com\/fr\/wp-json\/wp\/v2\/pages\/4916","targetHints":{"allow":["GET"]}}],"collection":[{"href":"https:\/\/www.delaviudacg.com\/fr\/wp-json\/wp\/v2\/pages"}],"about":[{"href":"https:\/\/www.delaviudacg.com\/fr\/wp-json\/wp\/v2\/types\/page"}],"author":[{"embeddable":true,"href":"https:\/\/www.delaviudacg.com\/fr\/wp-json\/wp\/v2\/users\/1"}],"replies":[{"embeddable":true,"href":"https:\/\/www.delaviudacg.com\/fr\/wp-json\/wp\/v2\/comments?post=4916"}],"version-history":[{"count":4,"href":"https:\/\/www.delaviudacg.com\/fr\/wp-json\/wp\/v2\/pages\/4916\/revisions"}],"predecessor-version":[{"id":9124,"href":"https:\/\/www.delaviudacg.com\/fr\/wp-json\/wp\/v2\/pages\/4916\/revisions\/9124"}],"wp:attachment":[{"href":"https:\/\/www.delaviudacg.com\/fr\/wp-json\/wp\/v2\/media?parent=4916"}],"curies":[{"name":"wp","href":"https:\/\/api.w.org\/{rel}","templated":true}]}}