{"id":4912,"date":"2018-09-26T11:15:03","date_gmt":"2018-09-26T10:15:03","guid":{"rendered":"http:\/\/localhost\/delaviudacg2\/politica-de-privacidad\/"},"modified":"2024-10-07T12:41:55","modified_gmt":"2024-10-07T11:41:55","slug":"politique-de-confidentialite","status":"publish","type":"page","link":"https:\/\/www.delaviudacg.com\/fr\/politique-de-confidentialite\/","title":{"rendered":"Politique de confidentialit\u00e9"},"content":{"rendered":"<div class=\"wpb-content-wrapper\"><p>[vc_row][vc_column][vc_column_text css=&#8221;&#8221;]<\/p>\n<table width=\"595\">\n<tbody>\n<tr>\n<td colspan=\"2\" width=\"595\"><strong>INFORMATIONS DE BASE SUR LA PROTECTION DES DONN\u00c9S<\/strong><\/td>\n<\/tr>\n<tr>\n<td width=\"174\"><strong>Responsable:<\/strong><\/td>\n<td width=\"421\"><strong>DELAVIUDA CONFECTIONERY GROUP S.L.L<\/strong><\/td>\n<\/tr>\n<tr>\n<td width=\"174\"><strong>Finalit\u00e9:<\/strong><\/td>\n<td width=\"421\">Effectuer la gestion administrative, comptable et fiscale, ainsi que l&#8217;envoi de communications commerciales sur nos produits, l&#8217;envoi de communications li\u00e9es \u00e0 la relation commerciale avec notre client et \u00e0 la prestation des services fournis, l&#8217;envoi de produits par des tiers.<\/td>\n<\/tr>\n<tr>\n<td width=\"174\"><strong>L\u00e9gitimation:<\/strong><\/td>\n<td width=\"421\">Ex\u00e9cution d\u2019un contrat.<\/p>\n<p>Int\u00e9r\u00eat l\u00e9gitime du contr\u00f4leur des donn\u00e9es<\/p>\n<p>Respect d&#8217;une obligation l\u00e9gale.<\/p>\n<p>Consentement de la personne concern\u00e9e.<\/td>\n<\/tr>\n<tr>\n<td width=\"174\"><strong>B\u00e9n\u00e9ficiaires:<\/strong><\/td>\n<td width=\"421\">Les transferts de donn\u00e9es sont envisag\u00e9s pour : Administration publique comp\u00e9tente en la mati\u00e8re ; organisations et entreprises li\u00e9es au responsable du traitement des donn\u00e9es qui permettent la prestation de services ; entreprises de transport ; entreprises de communication ; banques et caisses d&#8217;\u00e9pargne.<\/td>\n<\/tr>\n<tr>\n<td width=\"174\"><strong>Droits:<\/strong><\/td>\n<td width=\"421\">Vous disposez d&#8217;un droit d&#8217;acc\u00e8s, de rectification et de suppression des donn\u00e9es, ainsi que d&#8217;autres droits, indiqu\u00e9s dans les informations compl\u00e9mentaires, que vous pouvez exercer en envoyant un courrier \u00e9lectronique \u00e0 l&#8217;adresse suivante: <a href=\"mailto:protecciondedatos@delaviuda.com\">protecciondedatos@delaviuda.com<\/a><\/td>\n<\/tr>\n<tr>\n<td width=\"174\"><strong>Origine:<\/strong><\/td>\n<td width=\"421\">De la personne concern\u00e9e elle-m\u00eame<\/td>\n<\/tr>\n<tr>\n<td width=\"174\"><strong>Informations compl\u00e9mentaires:<\/strong><\/td>\n<td width=\"421\">Vous pouvez demander des informations compl\u00e9mentaires et d\u00e9taill\u00e9es sur la Protection des Donn\u00e9es dans nos bureaux.<\/td>\n<\/tr>\n<\/tbody>\n<\/table>\n<ol>\n<li>\u00bfQui est responsable du traitement de vos donn\u00e9es?<\/li>\n<\/ol>\n<p><strong>Responsable<\/strong>: <strong>DELAVIUDA CONFECTIONERY GROUP S.L.<\/strong><\/p>\n<p><strong>Num\u00e9ro de TVA:<\/strong> B87484457<\/p>\n<p><strong>Coordonn\u00e9es:<\/strong> Cardenal Marcelo Sp\u00ednola, 2, 3\u00aa \u2013 28016 Madrid (Espagne)<\/p>\n<p><strong>Courriel:<\/strong> <a href=\"mailto:protecciondedatos@delaviuda.com\">protecciondedatos@delaviuda.com<\/a><\/p>\n<ol start=\"2\">\n<li>Dans quel but traitons-nous vos donn\u00e9es personnelles ??<\/li>\n<\/ol>\n<p><strong>DELAVIUDA CONFECTIONERY GROUP S.L.<\/strong> traite les informations fournies par les int\u00e9ress\u00e9s aux fins suivantes :<\/p>\n<p>R\u00e8glement g\u00e9n\u00e9ral sur la Protection des Donn\u00e9es;<\/p>\n<p>RGPD: 6.1.a) L&#8217;int\u00e9ress\u00e9 a donn\u00e9 son consentement au traitement de ses donn\u00e9es personnelles pour une ou plusieurs finalit\u00e9s sp\u00e9cifiques: transfert des donn\u00e9es aux entreprises n\u00e9cessaires \u00e0 la fourniture du service demand\u00e9, transfert des donn\u00e9es \u00e0 des applications tierces pour des services externes, envoi de promotions commerciales, utilisateurs du site web.<\/p>\n<p>GDPR: 6.1.b) Traitement n\u00e9cessaire \u00e0 l&#8217;ex\u00e9cution d&#8217;un contrat auquel la personne concern\u00e9e est partie ou \u00e0 l&#8217;ex\u00e9cution de mesures pr\u00e9contractuelles \u00e0 la demande de la personne concern\u00e9e.<\/p>\n<p>GDPR: 6.1.c) Traitement n\u00e9cessaire au respect d&#8217;une obligation l\u00e9gale applicable au responsable du traitement.<\/p>\n<p>GDPR: 6.1.f) Traitement n\u00e9cessaire aux fins des int\u00e9r\u00eats l\u00e9gitimes poursuivis par le Contr\u00f4leur ou par un tiers, \u00e0 condition que ces int\u00e9r\u00eats ne pr\u00e9valent pas sur les int\u00e9r\u00eats ou les droits fondamentaux de la personne concern\u00e9e.<\/p>\n<p>Gestion administrative, comptable et fiscale, envoi de communications li\u00e9es \u00e0 la relation commerciale avec notre client et \u00e0 la prestation des services fournis, envoi de produits par l&#8217;interm\u00e9diaire de tiers.<\/p>\n<p>&nbsp;<\/p>\n<ol start=\"3\">\n<li>Combien de temps conserverons-nous vos donn\u00e9es?<\/li>\n<\/ol>\n<p>Elles seront conserv\u00e9es pendant le temps n\u00e9cessaire pour se conformer \u00e0 la finalit\u00e9 pour laquelle elles ont \u00e9t\u00e9 collect\u00e9es et pour d\u00e9terminer les \u00e9ventuelles responsabilit\u00e9s qui peuvent d\u00e9couler de cette finalit\u00e9 et du traitement des donn\u00e9es, y compris le respect des obligations l\u00e9gales. Pour les finalit\u00e9s pour lesquelles nous avons besoin de votre consentement expr\u00e8s, elles seront conserv\u00e9es tant que la personne concern\u00e9e n&#8217;exerce pas ses droits de suppression ou de limitation de la finalit\u00e9, par exemple l&#8217;envoi de communications commerciales.<\/p>\n<ol start=\"4\">\n<li>Quelle est la base juridique du traitement de vos donn\u00e9es?<\/li>\n<\/ol>\n<p>Nous indiquons la base juridique du traitement de vos donn\u00e9es:<\/p>\n<ul>\n<li>Ex\u00e9cution d&#8217;un contrat: prestation de services et achat et vente de produits.<\/li>\n<li>Int\u00e9r\u00eat l\u00e9gitime du contr\u00f4leur de donn\u00e9es: toutes les finalit\u00e9s d\u00e9crites et li\u00e9es au service fourni: achat, service client, retour, transfert \u00e0 des tiers pour le transport et la livraison, gestion des offres aux clients, communications avec le client en relation avec le service, r\u00e9clamations et plaintes.<\/li>\n<li>Respect des obligations l\u00e9gales<\/li>\n<li>Consentement de l&#8217;int\u00e9ress\u00e9: fins pour lesquelles nous demandons le consentement de l&#8217;utilisateur et\/ou du client: envoi de communications commerciales, transfert de donn\u00e9es \u00e0 des tiers pour des promotions commerciales, utilisateurs du site web.<\/li>\n<\/ul>\n<p>&nbsp;<\/p>\n<ol start=\"5\">\n<li>\u00c0 quels destinataires vos donn\u00e9es seront-elles communiqu\u00e9es ??<\/li>\n<\/ol>\n<p>Les donn\u00e9es seront communiqu\u00e9es aux destinataires suivants:<\/p>\n<ul>\n<li>Administration publique comp\u00e9tente en la mati\u00e8re, aux fins du respect des obligations l\u00e9gales.<\/li>\n<li>Tr\u00e9sorerie de la s\u00e9curit\u00e9 sociale et autres organismes publics.<\/li>\n<li>Organisations et soci\u00e9t\u00e9s li\u00e9es au responsable du traitement des donn\u00e9es, aux fins de la fourniture de services externes \u00e0 l&#8217;entreprise, tels que: conseil, informatique, consultants, auditeurs, assurances, pr\u00e9vention des risques professionnels, avocats et autres prestataires de services externes.<\/li>\n<li>Entreprises li\u00e9es au <strong>DELAVIUDA CONFECTIONERY GROUP S.L.<\/strong><\/li>\n<li>Banques, caisses d&#8217;\u00e9pargne, institutions financi\u00e8res et compagnies d&#8217;assurance.<\/li>\n<\/ul>\n<p>&nbsp;<\/p>\n<ol start=\"6\">\n<li>Transferts de donn\u00e9es vers des pays tiers<\/li>\n<\/ol>\n<p>Il n&#8217;est pas pr\u00e9vu de transf\u00e9rer des donn\u00e9es vers des pays tiers en dehors de l&#8217;Union europ\u00e9enne.<\/p>\n<ol start=\"7\">\n<li>Quels sont vos droits lorsque vous nous communiquez vos donn\u00e9es?<\/li>\n<\/ol>\n<p>Toute personne a le droit d&#8217;obtenir la confirmation que <strong>DELAVIUDA CONFECTIONERY GROUP S.L. <\/strong>traite ou non des donn\u00e9es personnelles la concernant.<\/p>\n<p>Les parties int\u00e9ress\u00e9es ont le droit d&#8217;acc\u00e9der \u00e0 leurs donn\u00e9es personnelles, ainsi que de demander la rectification des donn\u00e9es inexactes ou, le cas \u00e9ch\u00e9ant, de demander leur suppression lorsque, entre autres raisons, les donn\u00e9es ne sont plus n\u00e9cessaires aux fins pour lesquelles elles ont \u00e9t\u00e9 collect\u00e9es.<\/p>\n<p>Dans certaines circonstances, les personnes concern\u00e9es peuvent demander la limitation du traitement de leurs donn\u00e9es, auquel cas nous ne les conserverons que pour l&#8217;exercice ou la d\u00e9fense de revendications.<\/p>\n<p>Dans certaines circonstances et pour des raisons li\u00e9es \u00e0 leur situation particuli\u00e8re, les personnes concern\u00e9es peuvent s&#8217;opposer au traitement de leurs donn\u00e9es. Dans ce cas, <strong>DELAVIUDA CONFECTIONERY GROUP S.L. <\/strong>cessera de traiter les donn\u00e9es, sauf pour des raisons l\u00e9gitimes imp\u00e9ratives, ou pour l&#8217;exercice ou la d\u00e9fense d&#8217;\u00e9ventuelles r\u00e9clamations.<\/p>\n<p>Vous pouvez exercer mat\u00e9riellement vos droits de la mani\u00e8re suivante : en envoyant un courrier \u00e9lectronique \u00e0 l&#8217;adresse \u00e9lectronique <a href=\"mailto:protecciondedatos@delaviuda.com\">protecciondedatos@delaviuda.com<\/a><\/p>\n<p>Si vous avez donn\u00e9 votre consentement pour une finalit\u00e9 sp\u00e9cifique, vous avez le droit de retirer le consentement donn\u00e9 \u00e0 tout moment, sans que cela n&#8217;affecte la lic\u00e9it\u00e9 du traitement fond\u00e9 sur le consentement avant son retrait.<\/p>\n<p>Si vous estimez que vos droits concernant la protection de vos donn\u00e9es personnelles ont \u00e9t\u00e9 viol\u00e9s, notamment lorsque vous n&#8217;avez pas obtenu satisfaction dans l&#8217;exercice de vos droits, vous pouvez d\u00e9poser une plainte aupr\u00e8s de l&#8217;autorit\u00e9 de contr\u00f4le de la protection des donn\u00e9es comp\u00e9tente via son site web: <a href=\"http:\/\/www.agpd.es\">www.agpd.es<\/a>.<\/p>\n<p>&nbsp;<\/p>\n<ol start=\"8\">\n<li>Comment avons-nous obtenu vos donn\u00e9es?<\/li>\n<\/ol>\n<p>Les donn\u00e9es personnelles que nous traitons chez <strong>DELAVIUDA CONFECTIONERY GROUP S.L.<\/strong>proviennent de la partie int\u00e9ress\u00e9e.<\/p>\n<p>Les cat\u00e9gories de donn\u00e9es trait\u00e9es sont:<\/p>\n<ul>\n<li>Donn\u00e9es d&#8217;identification<\/li>\n<li>Donn\u00e9es professionnelles<\/li>\n<li>Adresses postale et \u00e9lectronique<\/li>\n<li>Informations commerciales<\/li>\n<li>Donn\u00e9es financi\u00e8res<\/li>\n<\/ul>\n<p>Des cat\u00e9gories particuli\u00e8res de donn\u00e9es \u00e0 caract\u00e8re personnel ne sont pas trait\u00e9es (telles que les donn\u00e9es r\u00e9v\u00e9lant l&#8217;origine raciale ou ethnique, les opinions politiques, les convictions religieuses ou philosophiques, l&#8217;appartenance syndicale, les donn\u00e9es g\u00e9n\u00e9tiques, les donn\u00e9es biom\u00e9triques destin\u00e9es \u00e0 identifier de mani\u00e8re unique une personne physique, les donn\u00e9es concernant la sant\u00e9 ou les donn\u00e9es concernant la vie sexuelle ou l&#8217;orientation sexuelle d&#8217;une personne physique).<\/p>\n<p><strong>\u00a0<\/strong><\/p>\n<p>&nbsp;<\/p>\n<p>&nbsp;<\/p>\n<p>&nbsp;<\/p>\n<p>&nbsp;<\/p>\n<p>[\/vc_column_text][\/vc_column][\/vc_row]<\/p>\n<\/div>","protected":false},"excerpt":{"rendered":"<p>[vc_row][vc_column][vc_column_text css=&#8221;&#8221;] INFORMATIONS DE BASE SUR LA PROTECTION DES DONN\u00c9S Responsable: DELAVIUDA CONFECTIONERY GROUP S.L.L Finalit\u00e9: Effectuer la gestion administrative, comptable et fiscale, ainsi que l&#8217;envoi de communications commerciales sur nos produits, l&#8217;envoi de communications li\u00e9es \u00e0 la relation commerciale avec notre client et \u00e0 la prestation des services fournis, l&#8217;envoi de produits par des&hellip;<\/p>\n","protected":false},"author":1,"featured_media":0,"parent":0,"menu_order":0,"comment_status":"closed","ping_status":"closed","template":"","meta":{"_monsterinsights_skip_tracking":false,"_monsterinsights_sitenote_active":false,"_monsterinsights_sitenote_note":"","_monsterinsights_sitenote_category":0,"footnotes":""},"class_list":["post-4912","page","type-page","status-publish","hentry","description-off"],"yoast_head":"<!-- This site is optimized with the Yoast SEO plugin v27.4 - https:\/\/yoast.com\/product\/yoast-seo-wordpress\/ -->\n<title>Politique de confidentialit\u00e9 - Delaviuda Confectionery Group<\/title>\n<meta name=\"robots\" content=\"index, follow, max-snippet:-1, max-image-preview:large, max-video-preview:-1\" \/>\n<link rel=\"canonical\" href=\"https:\/\/www.delaviudacg.com\/fr\/politique-de-confidentialite\/\" \/>\n<meta property=\"og:locale\" content=\"fr_FR\" \/>\n<meta property=\"og:type\" content=\"article\" \/>\n<meta property=\"og:title\" content=\"Politique de confidentialit\u00e9 - Delaviuda Confectionery Group\" \/>\n<meta property=\"og:description\" content=\"[vc_row][vc_column][vc_column_text css=&#8221;&#8221;] INFORMATIONS DE BASE SUR LA PROTECTION DES DONN\u00c9S Responsable: DELAVIUDA CONFECTIONERY GROUP S.L.L Finalit\u00e9: Effectuer la gestion administrative, comptable et fiscale, ainsi que l&#8217;envoi de communications commerciales sur nos produits, l&#8217;envoi de communications li\u00e9es \u00e0 la relation commerciale avec notre client et \u00e0 la prestation des services fournis, l&#8217;envoi de produits par des&hellip;\" \/>\n<meta property=\"og:url\" content=\"https:\/\/www.delaviudacg.com\/fr\/politique-de-confidentialite\/\" \/>\n<meta property=\"og:site_name\" content=\"Delaviuda Confectionery Group\" \/>\n<meta property=\"article:modified_time\" content=\"2024-10-07T11:41:55+00:00\" \/>\n<meta name=\"twitter:card\" content=\"summary_large_image\" \/>\n<meta name=\"twitter:label1\" content=\"Dur\u00e9e de lecture estim\u00e9e\" \/>\n\t<meta name=\"twitter:data1\" content=\"5 minutes\" \/>\n<script type=\"application\/ld+json\" class=\"yoast-schema-graph\">{\"@context\":\"https:\\\/\\\/schema.org\",\"@graph\":[{\"@type\":\"WebPage\",\"@id\":\"https:\\\/\\\/www.delaviudacg.com\\\/fr\\\/politique-de-confidentialite\\\/\",\"url\":\"https:\\\/\\\/www.delaviudacg.com\\\/fr\\\/politique-de-confidentialite\\\/\",\"name\":\"Politique de confidentialit\u00e9 - Delaviuda Confectionery Group\",\"isPartOf\":{\"@id\":\"https:\\\/\\\/www.delaviudacg.com\\\/#website\"},\"datePublished\":\"2018-09-26T10:15:03+00:00\",\"dateModified\":\"2024-10-07T11:41:55+00:00\",\"breadcrumb\":{\"@id\":\"https:\\\/\\\/www.delaviudacg.com\\\/fr\\\/politique-de-confidentialite\\\/#breadcrumb\"},\"inLanguage\":\"fr-FR\",\"potentialAction\":[{\"@type\":\"ReadAction\",\"target\":[\"https:\\\/\\\/www.delaviudacg.com\\\/fr\\\/politique-de-confidentialite\\\/\"]}]},{\"@type\":\"BreadcrumbList\",\"@id\":\"https:\\\/\\\/www.delaviudacg.com\\\/fr\\\/politique-de-confidentialite\\\/#breadcrumb\",\"itemListElement\":[{\"@type\":\"ListItem\",\"position\":1,\"name\":\"Portada\",\"item\":\"https:\\\/\\\/www.delaviudacg.com\\\/\"},{\"@type\":\"ListItem\",\"position\":2,\"name\":\"Politique de confidentialit\u00e9\"}]},{\"@type\":\"WebSite\",\"@id\":\"https:\\\/\\\/www.delaviudacg.com\\\/#website\",\"url\":\"https:\\\/\\\/www.delaviudacg.com\\\/\",\"name\":\"Delaviuda Confectionery Group\",\"description\":\"Web Corporativa\",\"potentialAction\":[{\"@type\":\"SearchAction\",\"target\":{\"@type\":\"EntryPoint\",\"urlTemplate\":\"https:\\\/\\\/www.delaviudacg.com\\\/?s={search_term_string}\"},\"query-input\":{\"@type\":\"PropertyValueSpecification\",\"valueRequired\":true,\"valueName\":\"search_term_string\"}}],\"inLanguage\":\"fr-FR\"}]}<\/script>\n<!-- \/ Yoast SEO plugin. -->","yoast_head_json":{"title":"Politique de confidentialit\u00e9 - Delaviuda Confectionery Group","robots":{"index":"index","follow":"follow","max-snippet":"max-snippet:-1","max-image-preview":"max-image-preview:large","max-video-preview":"max-video-preview:-1"},"canonical":"https:\/\/www.delaviudacg.com\/fr\/politique-de-confidentialite\/","og_locale":"fr_FR","og_type":"article","og_title":"Politique de confidentialit\u00e9 - Delaviuda Confectionery Group","og_description":"[vc_row][vc_column][vc_column_text css=&#8221;&#8221;] INFORMATIONS DE BASE SUR LA PROTECTION DES DONN\u00c9S Responsable: DELAVIUDA CONFECTIONERY GROUP S.L.L Finalit\u00e9: Effectuer la gestion administrative, comptable et fiscale, ainsi que l&#8217;envoi de communications commerciales sur nos produits, l&#8217;envoi de communications li\u00e9es \u00e0 la relation commerciale avec notre client et \u00e0 la prestation des services fournis, l&#8217;envoi de produits par des&hellip;","og_url":"https:\/\/www.delaviudacg.com\/fr\/politique-de-confidentialite\/","og_site_name":"Delaviuda Confectionery Group","article_modified_time":"2024-10-07T11:41:55+00:00","twitter_card":"summary_large_image","twitter_misc":{"Dur\u00e9e de lecture estim\u00e9e":"5 minutes"},"schema":{"@context":"https:\/\/schema.org","@graph":[{"@type":"WebPage","@id":"https:\/\/www.delaviudacg.com\/fr\/politique-de-confidentialite\/","url":"https:\/\/www.delaviudacg.com\/fr\/politique-de-confidentialite\/","name":"Politique de confidentialit\u00e9 - Delaviuda Confectionery Group","isPartOf":{"@id":"https:\/\/www.delaviudacg.com\/#website"},"datePublished":"2018-09-26T10:15:03+00:00","dateModified":"2024-10-07T11:41:55+00:00","breadcrumb":{"@id":"https:\/\/www.delaviudacg.com\/fr\/politique-de-confidentialite\/#breadcrumb"},"inLanguage":"fr-FR","potentialAction":[{"@type":"ReadAction","target":["https:\/\/www.delaviudacg.com\/fr\/politique-de-confidentialite\/"]}]},{"@type":"BreadcrumbList","@id":"https:\/\/www.delaviudacg.com\/fr\/politique-de-confidentialite\/#breadcrumb","itemListElement":[{"@type":"ListItem","position":1,"name":"Portada","item":"https:\/\/www.delaviudacg.com\/"},{"@type":"ListItem","position":2,"name":"Politique de confidentialit\u00e9"}]},{"@type":"WebSite","@id":"https:\/\/www.delaviudacg.com\/#website","url":"https:\/\/www.delaviudacg.com\/","name":"Delaviuda Confectionery Group","description":"Web Corporativa","potentialAction":[{"@type":"SearchAction","target":{"@type":"EntryPoint","urlTemplate":"https:\/\/www.delaviudacg.com\/?s={search_term_string}"},"query-input":{"@type":"PropertyValueSpecification","valueRequired":true,"valueName":"search_term_string"}}],"inLanguage":"fr-FR"}]}},"_links":{"self":[{"href":"https:\/\/www.delaviudacg.com\/fr\/wp-json\/wp\/v2\/pages\/4912","targetHints":{"allow":["GET"]}}],"collection":[{"href":"https:\/\/www.delaviudacg.com\/fr\/wp-json\/wp\/v2\/pages"}],"about":[{"href":"https:\/\/www.delaviudacg.com\/fr\/wp-json\/wp\/v2\/types\/page"}],"author":[{"embeddable":true,"href":"https:\/\/www.delaviudacg.com\/fr\/wp-json\/wp\/v2\/users\/1"}],"replies":[{"embeddable":true,"href":"https:\/\/www.delaviudacg.com\/fr\/wp-json\/wp\/v2\/comments?post=4912"}],"version-history":[{"count":3,"href":"https:\/\/www.delaviudacg.com\/fr\/wp-json\/wp\/v2\/pages\/4912\/revisions"}],"predecessor-version":[{"id":9129,"href":"https:\/\/www.delaviudacg.com\/fr\/wp-json\/wp\/v2\/pages\/4912\/revisions\/9129"}],"wp:attachment":[{"href":"https:\/\/www.delaviudacg.com\/fr\/wp-json\/wp\/v2\/media?parent=4912"}],"curies":[{"name":"wp","href":"https:\/\/api.w.org\/{rel}","templated":true}]}}